{"id":3706,"date":"2024-09-22T09:42:08","date_gmt":"2024-09-22T09:42:08","guid":{"rendered":"https:\/\/karemfillisolives.com\/despre-noi\/"},"modified":"2024-09-27T17:10:08","modified_gmt":"2024-09-27T17:10:08","slug":"despre-noi","status":"publish","type":"page","link":"https:\/\/karemfillisolives.com\/ro\/despre-noi\/","title":{"rendered":"Despre noi"},"content":{"rendered":"<div class=\"wpb-content-wrapper\"><p>[vc_row wrap_container=&#8221;yes&#8221; css=&#8221;.vc_custom_1560363025557{padding-top: 140px !important;padding-bottom: 140px !important;}&#8221; el_id=&#8221;care sunt&#8221; el_class=&#8221;container-xl&#8221;][vc_column el_class=&#8221;mb-5 mb-lg-0&#8243; offset=&#8221;vc_col-md-6&#8243;][vc_custom_heading text=&#8221;Face\u021bi cuno\u0219tin\u021b\u0103 cu familia Karemfillis&#8221; font_container=&#8221;tag:h3|text_align:left&#8221; use_theme_fonts=&#8221;yes&#8221; font_weight=&#8221;600&#8243; skin=&#8221;primary&#8221; el_class=&#8221;mb-0&#8243; animation_type=&#8221;fadeInUp&#8221;][vc_custom_heading text=&#8221;<b>Karemfillis Olives<\/b> este o afacere de familie cu r\u0103d\u0103cini ad\u00e2nci \u00een Halkidiki, av\u00e2nd peste 40<br \/>\nde ani de experien\u021b\u0103 \u00een cultivarea m\u0103slinilor.<br \/>\nCu angajamentul de a produce m\u0103sline \u0219i ulei de m\u0103sline de \u00eenalt\u0103<br \/>\ncalitate, societatea a evoluat, oferind produsele sale direct consumatorilor<br \/>\nprin intermediul magazinului s\u0103u online.<\/p>\n<p>\u00cen ultimii zece ani, afacerea s-a concentrat pe servicii personalizate, ascult\u00e2nd<br \/>\nnevoile clien\u021bilor s\u0103i \u0219i oferind produse de calitate pe tot parcursul anului, nu doar \u00een timpul<br \/>\nsezonului turistic.<br \/>\nCu scopul de a asigura satisfac\u021bia deplin\u0103 a clien\u021bilor, echipa<br \/>\nKaremfillis<b>Olives<\/b> r\u0103m\u00e2ne mereu disponibil\u0103 pentru a oferi \u00eengrijire personalizat\u0103 \u0219i<br \/>\nr\u0103spunde la orice solicitare.<\/p>\n<p>Filozofia companiei combin\u0103 tradi\u021bia cu inova\u021bia, men\u021bin\u00e2nd calitatea produselor la un<br \/>\nnivel ridicat \u0219i asigur\u00e2nd un serviciu rapid \u0219i adaptat nevoilor clien\u021bilor s\u0103i.<\/p>\n<p>#karemfillisolives #yourkaremfillisfamily&#8221; font_container=&#8221;tag:p|font_size:16.8|text_align:left|line_height:1.9&#8243; use_theme_fonts=&#8221;yes&#8221; css=&#8221;.vc_custom_1727204481668{margin-bottom: 40px !important;}&#8221; animation_delay=&#8221;500&#8243; animation_type=&#8221;fadeInUp&#8221; el_class=&#8221;pe-5&#8243;][\/vc_column][vc_column offset=&#8221;vc_col-md-6&#8243;][vc_row_inner][vc_column_inner el_class=&#8221;order-1&#8243; width=&#8221;1\/2&#8243; offset=&#8221;vc_col-lg-4 vc_col-xs-6&#8243;][vc_single_image image=&#8221;3821&#8243; img_size=&#8221;large&#8221; style=&#8221;vc_box_rounded&#8221; css=&#8221;.vc_custom_1727455750077{border-radius: 10px !important;}&#8221; animation_delay=&#8221;1500&#8243; el_class=&#8221;mb-0&#8243; animation_type=&#8221;fadeInRight&#8221; label=&#8221;&#8221;][\/vc_column_inner][vc_column_inner el_class=&#8221;order-3 order-xl-2 full-content&#8221; offset=&#8221;vc_col-lg-4&#8243;][vc_single_image image=&#8221;3806&#8243; img_size=&#8221;large&#8221; style=&#8221;vc_box_rounded&#8221; css=&#8221;&#8221; animation_delay=&#8221;1500&#8243; el_class=&#8221;mb-0&#8243; animation_type=&#8221;fadeInRight&#8221; label=&#8221;&#8221;][\/vc_column_inner][vc_column_inner el_class=&#8221;order-2 order-xl-3&#8243; width=&#8221;1\/2&#8243; offset=&#8221;vc_col-lg-4 vc_col-xs-6&#8243;][vc_single_image image=&#8221;3818&#8243; img_size=&#8221;full&#8221; style=&#8221;vc_box_rounded&#8221; css=&#8221;&#8221; animation_delay=&#8221;1500&#8243; el_class=&#8221;mb-0&#8243; animation_type=&#8221;fadeInRight&#8221; label=&#8221;&#8221;][\/vc_column_inner][\/vc_row_inner][\/vc_column][\/vc_row]<\/p>\n<\/div>","protected":false},"excerpt":{"rendered":"<p>[vc_row wrap_container=&#8221;yes&#8221; css=&#8221;.vc_custom_1560363025557{padding-top: 140px !important;padding-bottom: 140px !important;}&#8221; el_id=&#8221;care sunt&#8221; el_class=&#8221;container-xl&#8221;][vc_column el_class=&#8221;mb-5 mb-lg-0&#8243; offset=&#8221;vc_col-md-6&#8243;][vc_custom_heading text=&#8221;Face\u021bi cuno\u0219tin\u021b\u0103 cu familia Karemfillis&#8221; font_container=&#8221;tag:h3|text_align:left&#8221; use_theme_fonts=&#8221;yes&#8221; font_weight=&#8221;600&#8243; skin=&#8221;primary&#8221; el_class=&#8221;mb-0&#8243; animation_type=&#8221;fadeInUp&#8221;][vc_custom_heading text=&#8221;Karemfillis Olives este o afacere de familie cu r\u0103d\u0103cini ad\u00e2nci \u00een Halkidiki, av\u00e2nd peste 40 de ani de experien\u021b\u0103 \u00een cultivarea m\u0103slinilor. Cu angajamentul de a produce m\u0103sline \u0219i ulei de [&hellip;]<\/p>\n","protected":false},"author":1,"featured_media":0,"parent":0,"menu_order":0,"comment_status":"closed","ping_status":"closed","template":"","meta":{"footnotes":""},"class_list":["post-3706","page","type-page","status-publish","hentry"],"aioseo_notices":[],"_links":{"self":[{"href":"https:\/\/karemfillisolives.com\/ro\/wp-json\/wp\/v2\/pages\/3706"}],"collection":[{"href":"https:\/\/karemfillisolives.com\/ro\/wp-json\/wp\/v2\/pages"}],"about":[{"href":"https:\/\/karemfillisolives.com\/ro\/wp-json\/wp\/v2\/types\/page"}],"author":[{"embeddable":true,"href":"https:\/\/karemfillisolives.com\/ro\/wp-json\/wp\/v2\/users\/1"}],"replies":[{"embeddable":true,"href":"https:\/\/karemfillisolives.com\/ro\/wp-json\/wp\/v2\/comments?post=3706"}],"version-history":[{"count":4,"href":"https:\/\/karemfillisolives.com\/ro\/wp-json\/wp\/v2\/pages\/3706\/revisions"}],"predecessor-version":[{"id":3826,"href":"https:\/\/karemfillisolives.com\/ro\/wp-json\/wp\/v2\/pages\/3706\/revisions\/3826"}],"wp:attachment":[{"href":"https:\/\/karemfillisolives.com\/ro\/wp-json\/wp\/v2\/media?parent=3706"}],"curies":[{"name":"wp","href":"https:\/\/api.w.org\/{rel}","templated":true}]}}