{"id":3712,"date":"2019-05-14T01:33:47","date_gmt":"2019-05-14T01:33:47","guid":{"rendered":"https:\/\/karemfillisolives.com\/acasa-2\/"},"modified":"2024-12-11T05:29:02","modified_gmt":"2024-12-11T05:29:02","slug":"acasa-2","status":"publish","type":"page","link":"https:\/\/karemfillisolives.com\/ro\/","title":{"rendered":"Acas\u0103"},"content":{"rendered":"<div class=\"wpb-content-wrapper\"><p>[vc_row wrap_container=&#8221;yes&#8221; content_placement=&#8221;middle&#8221; el_id=&#8221;acas\u0103&#8221; css=&#8221;.vc_custom_1710897744785{padding-top: 95px !important;}&#8221; el_class=&#8221;position-relative overflow-hidden&#8221; conditional_render=&#8221;%5B%7B%22value_role%22%3A%22administrator%22%7D%5D&#8221;][vc_column el_class=&#8221;position-static&#8221;][vc_raw_html css=&#8221;&#8221; el_class=&#8221;mb-0 position-static&#8221;]PHN2ZyBjbGFzcz0iY3VzdG9tLXN2Zy1zdHlsZS0xIiB2aWV3Ym94PSIwIDAgMTgwIDQ3MCIgeD0iMHB4IiB5PSIwcHgiIHdpZHRoPSIxMDAlIiBoZWlnaHQ9IjEwMCUiPgoJPGc+CgkJPHBhdGggaWQ9InNoYXBlX29uZV9zdGFydCIgb3BhY2l0eT0iMC4wOTgiIGZpbGw9IiNhNmFiNGYiIGQ9Ik0gMTIwMCAyMy43OTM5IEMgMTIwMCAyMy43OTM5IDU4MS44MTU0IC0yNDUuMTY3NSAzOTQuMjg0MiAzMy45Mzc1IEMgMzA1LjQwNDMgMTY2LjIxODMgMzQ1LjA1MzcgMzU4LjgxMjUgMjUzLjU2MTUgMzY0LjY2MzEgQyAxNjIuMDY4NCAzNzAuNTE0NiAxMjkuNTMwMyAzNDIuNTQyIDcwLjk4ODMgMzgzLjkwNzIgQyAzLjAyNTQgNDMxLjkyOTcgMTcuODkyNiA0OTkuMjE1OCAxNy44OTI2IDQ5OS4yMTU4IEwgMTIwMCA0OTkuMjE1OCBMIDEyMDAgMjMuNzkzOSBaIi8+CgkJPHBhdGggaWQ9InNoYXBlX29uZV9lbmQiIG9wYWNpdHk9IjAuMDk4IiBmaWxsPSIjMDBhM2Q1IiBkPSJtMTIwMCwyNC43OTM5YzAsMCAtODUuNzU0OSwtMzQ2Ljk2MTQgLTI3My4yODYxLC02Ny44NTY0YzE0OS4xMjAxLDE3Ni4yODA4IDUyLjc2OTUsMzEzLjg3NSAtNDYuNzIyNywzMTIuNzI1NmMtOTkuNDkyMiwtMS4xNDk0IC01OS4wMzEyLDEwNy44Nzg5IC0xMTcuNTczMiwxNDkuMjQ0MWMtNjcuOTYyOSw0OC4wMjI1IC0xODYuMDk1NywxNjcuMzA4NiAtMjA3LjA5NTcsMTY3LjMwODZsNjQ0LjY3NzcsLTg2bDAsLTQ3NS40MjE5eiIgc3R5bGU9InZpc2liaWxpdHk6aGlkZGVuIi8+CgoJCTxwYXRoIGlkPSJzaGFwZV90d29fc3RhcnQiIG9wYWNpdHk9IjAuMTQ5IiBmaWxsPSIjYTZhYjRmIiBkPSJNIDEyMDAgMjM5Ljk3NzEgQyAxMjAwIDIzOS45NzcxIDgwNi44NzMgMTQxLjU5MTMgNzMzLjEzNDggMTY0LjkzNyBDIDYyMi4yNDkgMjAwLjA0NTkgNjQ4LjQxNiAzMTguMDgzIDU2Ni42NDI2IDM0Mi4wNDIgQyA0ODQuODY4MiAzNjUuOTk5IDI0Ny45ODE0IDM0NS4wMjgzIDE2OC42NDA2IDM3MS44MDM3IEMgODkuMzAwOCAzOTguNTc4MSA4NS41NzAzIDEyMDAuMzQwOCA4NS41NzAzIDEyMDAuMzQwOCBMIDg0Ny41NjkzIDEyMDAuMzQwOCBMIDEyMDAgMjM5Ljk3NzEgWiIvPiAKCQk8cGF0aCBpZD0ic2hhcGVfdHdvX2VuZCIgb3BhY2l0eT0iMC4xNDkiIGZpbGw9IiMwMGEzZDUiIGQ9Im05MDcuNTcwMyw4OS45NzcxYzAsMCAyOS4zMDI3LC05LjM4NTggLTk1LjQzNTUsMTEyLjk1OTljLTEyNC43MzgyLDEyMi4zNDU3IC0yNTQuNzE4OCw2NC4xNDYgLTMwMC40OTIyLDE2Ny4xMDVjLTQ1Ljc3MzQsMTAyLjk1OSAtNzkuNjYxMiw2MS45ODYzIC0yMDkuMDAyLDEwNi43NjE3Yy0xMjkuMzQwOCw0NC43NzU0IC0yMTguMDcwMywyMS41MzcxIC0yMTguMDcwMywyMS41MzcxbDc2MS45OTksMGwwLjAwMSwtMjY1LjM2Mzd6IiBzdHlsZT0idmlzaWJpbGl0eTpoaWRkZW4iLz4KCTwvZz4KPC9zdmc+[\/vc_raw_html]<div class=\"porto-ultimate-content-box-container \"><div class=\"porto-ultimate-content-box vc_custom_1727455582032 porto_ucb_e35a9346cd70594d63c013acc42ebe9d\" style=\"min-height:548px;\">[vc_row_inner el_class=&#8221;align-items-center&#8221;][vc_column_inner el_class=&#8221;pt-4 pt-lg-0 mt-4 mt-lg-0 mb-5 mb-lg-0&#8243; offset=&#8221;vc_col-md-6&#8243;]<div class=\"porto-animation\"  data-appear-animation=\"fadeInUp\" data-appear-animation-delay=\"400\">[vc_custom_heading text=&#8221;Fructele de m\u0103slin, o parte integrant\u0103 a dietei mediteraneene.&#8221; font_container=&#8221;tag:h1|font_size:36.4|text_align:left&#8221; use_theme_fonts=&#8221;yes&#8221; font_weight=&#8221;200&#8243; animation_delay=&#8221;400&#8243; floating_start_pos=&#8221;none&#8221; floating_speed=&#8221;5&#8243; el_class=&#8221;mb-4 mb-lg-0&#8243; floating_duration=&#8221;500&#8243;]<\/div><div class=\"porto-animation\"  data-appear-animation=\"fadeInUp\" data-appear-animation-delay=\"600\">[vc_custom_heading text=&#8221;Din cele mai vechi timpuri, fructele de m\u0103slin \u0219i uleiul de m\u0103sline au fost un element cheie al dietei zilnice. Noi, cei de la &#8222;Karemfillis Olives&#8222;, cu respect pentru tradi\u021bie \u0219i consumator, v\u0103 oferim o gam\u0103 larg\u0103 de produse care nu ar trebui s\u0103 lipseasc\u0103 din dieta dumneavoastr\u0103 zilnic\u0103.&#8221; font_container=&#8221;tag:p|font_size:16.8|text_align:left|line_height:26px&#8221; use_theme_fonts=&#8221;yes&#8221; floating_start_pos=&#8221;none&#8221; floating_speed=&#8221;2.5&#8243; el_class=&#8221;mb-5 mb-md-2&#8243; floating_duration=&#8221;500&#8243;]<\/div><div class=\"porto-animation\"  data-appear-animation=\"fadeInUp\" data-appear-animation-delay=\"800\">[vc_btn title=&#8221;Cump\u0103ra\u021bi acum&#8221; style=&#8221;outline&#8221; shape=&#8221;round&#8221; color=&#8221;green&#8221; size=&#8221;lg&#8221; i_icon_fontawesome=&#8221;fas fa-shopping-cart&#8221; css=&#8221;.vc_custom_1733894938151{margin-bottom: 0px !important;}&#8221; skin=&#8221;primary&#8221; btn_fs=&#8221;16.8px&#8221; btn_fw=&#8221;600&#8243; floating_start_pos=&#8221;none&#8221; floating_speed=&#8221;1.5&#8243; hover_effect=&#8221;hover-icon-pulse-infnite&#8221; add_icon=&#8221;true&#8221; btn_px=&#8221;2.4rem&#8221; btn_py=&#8221;0.78125rem&#8221; floating_duration=&#8221;500&#8243; link=&#8221;url:https%3A%2F%2Fkaremfillisolives.com%2Fro%2Fmagazin%2F|title:Magazin&#8221;]<\/div>[\/vc_column_inner][vc_column_inner animation_delay=&#8221;550&#8243; offset=&#8221;vc_col-md-6&#8243; animation_type=&#8221;fadeInLeft&#8221; css=&#8221;.vc_custom_1709373299806{padding-top: 1px !important;}&#8221;][vc_single_image image=&#8221;3809&#8243; img_size=&#8221;full&#8221; style=&#8221;vc_box_rounded&#8221; css=&#8221;.vc_custom_1727455591973{margin-bottom: 45px !important;}&#8221; floating_start_pos=&#8221;none&#8221; floating_speed=&#8221;8&#8243; floating_horizontal=&#8221;yes&#8221; el_class=&#8221;my-0 mt-lg-5&#8243; floating_duration=&#8221;500&#8243; img_height=&#8221;{&#8222;xl&#8222;:&#8222;700&#8222;,&#8222;unit&#8222;:&#8222;&#8222;,&#8222;xs&#8222;:&#8222;&#8222;,&#8222;sm&#8222;:&#8222;&#8222;,&#8222;md&#8222;:&#8222;&#8222;,&#8222;lg&#8222;:&#8222;&#8222;}&#8221;][\/vc_column_inner][\/vc_row_inner]<\/div><\/div>[\/vc_column][\/vc_row][vc_row wrap_container=&#8221;yes&#8221; content_placement=&#8221;middle&#8221; css=&#8221;.vc_custom_1709388394579{padding-top: 48px !important;padding-bottom: 49px !important;}&#8221; el_id=&#8221;despre&#8221; el_class=&#8221;py-5 my-4&#8243; conditional_render=&#8221;%5B%7B%22value_role%22%3A%22administrator%22%7D%5D&#8221;][vc_column offset=&#8221;vc_col-md-5&#8243; el_class=&#8221;mb-4 mb-md-5 mb-lg-0 porto-vc-frontend-fix&#8221; css=&#8221;.vc_custom_1727013822682{border-radius: 10px !important;}&#8221; conditional_render=&#8221;%5B%7B%22value_role%22%3A%22administrator%22%7D%5D&#8221;][vc_single_image image=&#8221;3818&#8243; img_size=&#8221;large&#8221; alignment=&#8221;center&#8221; style=&#8221;vc_box_rounded&#8221; css=&#8221;.vc_custom_1727455602243{border-radius: 10px !important;}&#8221; animation_type=&#8221;bounceInLeft&#8221;]<div class=\"porto-modal-input-wrapper \"><script>\r\n\t( function() {\r\n\t\tvar porto_init_modal = function() {\r\n\t\t\tvar selector = \".open-video\",\r\n\t\t\t\t$selector = jQuery(selector);\r\n\t\t\t$selector.addClass(\"porto-modal-trigger\");\r\n\t\t\t$selector.attr(\"data-trigger-id\", \"\/\/player.vimeo.com\/video\/45830194?autoplay=1\");\r\n\t\t\t$selector.attr(\"data-type\", \"iframe\");\r\n\t\t\t$selector.attr(\"data-overlay-class\", \"mfp-fade\");\r\n\t\t};\r\n\r\n\t\tif ( window.jQuery && jQuery(\".open-video\").length ) {\r\n\t\t\tporto_init_modal();\r\n\t\t} else {\r\n\t\t\tdocument.addEventListener( \"DOMContentLoaded\", porto_init_modal );\r\n\t\t}\r\n\t} )();\r\n\t<\/script><\/div><div id=\"\/\/player.vimeo.com\/video\/45830194?autoplay=1\" class=\"mfp-hide \"><div class=\"porto-modal-content\"><\/div><\/div>[\/vc_column][vc_column offset=&#8221;vc_col-md-7&#8243; el_class=&#8221;ps-lg-5&#8243;]<div class=\"porto-u-heading  wpb_custom_95aa9a11c17ad45cfabaf210d84ee7cc porto-u-ad87e2eaf3f9c495180fe0156ddf3eb0 \" data-appear-animation=\"fadeInUp\" data-appear-animation-delay=\"600\"><div class=\"porto-u-main-heading\"><h3   style=\"font-weight:700;margin-bottom: 4px;font-size:28px;line-height:34px;\">Despre noi<\/h3><\/div><div class=\"porto-u-sub-heading\" style=\"font-weight:400;color: rgba(33,37,41,0.7);margin-bottom:32px;font-size:21px;\">Face\u021bi cuno\u0219tin\u021b\u0103 cu familia Karemfillis<\/div><style>.porto-u-ad87e2eaf3f9c495180fe0156ddf3eb0.porto-u-heading{text-align:left}<\/style><\/div>[vc_custom_heading text=&#8221;<b>Karemfillis Olives<\/b> este o afacere de familie cu r\u0103d\u0103cini ad\u00e2nci \u00een Halkidiki, av\u00e2nd peste 40<br \/>\nde ani de experien\u021b\u0103 \u00een cultivarea m\u0103slinilor.<br \/>\nCu angajamentul de a produce m\u0103sline \u0219i ulei de m\u0103sline de \u00eenalt\u0103<br \/>\ncalitate, societatea a evoluat, oferind produsele sale direct consumatorilor<br \/>\nprin intermediul magazinului s\u0103u online.<\/p>\n<p>\u00cen ultimii zece ani, afacerea s-a concentrat pe servicii personalizate, ascult\u00e2nd<br \/>\nnevoile clien\u021bilor s\u0103i \u0219i oferind produse de calitate pe tot parcursul anului, nu doar \u00een timpul<br \/>\nsezonului turistic.<br \/>\nCu scopul de a asigura satisfac\u021bia deplin\u0103 a clien\u021bilor, echipa<br \/>\nKaremfillis<b>Olives<\/b> r\u0103m\u00e2ne mereu disponibil\u0103 pentru a oferi \u00eengrijire personalizat\u0103 \u0219i<br \/>\nr\u0103spunde la orice solicitare.<\/p>\n<p>Filozofia companiei combin\u0103 tradi\u021bia cu inova\u021bia, men\u021bin\u00e2nd o calitate ridicat\u0103 a produselor<br \/>\n\u0219i asigur\u00e2nd servicii rapide \u0219i personalizate pentru clien\u021bi pentru a satisface nevoile<br \/>\nclien\u021bilor s\u0103i.<\/p>\n<p>#karemfillisolives #yourkaremfillisfamily&#8221; font_container=&#8221;tag:p|text_align:left&#8221; use_theme_fonts=&#8221;yes&#8221; animation_delay=&#8221;800&#8243; animation_type=&#8221;fadeInUp&#8221; el_class=&#8221;pb-3 mb-4&#8243;][vc_btn title=&#8221;Solu\u021biile noastre&#8221; style=&#8221;outline&#8221; shape=&#8221;round&#8221; align=&#8221;center&#8221; css=&#8221;.vc_custom_1727203211038{margin-bottom: 0px !important;}&#8221; skin=&#8221;primary&#8221; btn_fs=&#8221;14px&#8221; btn_fw=&#8221;600&#8243; animation_delay=&#8221;1000&#8243; btn_px=&#8221;2.4rem&#8221; btn_py=&#8221;0.78125rem&#8221; animation_type=&#8221;fadeInUp&#8221; link=&#8221;url:%23solutions|&#8221;][\/vc_column][\/vc_row][vc_row wrap_container=&#8221;yes&#8221; content_placement=&#8221;middle&#8221; parallax=&#8221;content-moving&#8221; parallax_image=&#8221;3815&#8243; el_id=&#8221;formular de raport&#8221; conditional_render=&#8221;%5B%7B%22value_role%22%3A%22administrator%22%7D%5D&#8221; css=&#8221;.vc_custom_1727455613771{padding-top: 25px !important;padding-bottom: 25px !important;}&#8221;][vc_column offset=&#8221;vc_col-lg-8 vc_col-md-6&#8243; el_class=&#8221;mb-5 mb-lg-0&#8243; css=&#8221;.vc_custom_1727366044180{background-color: rgba(10,10,10,0.29) !important;*background-color: rgb(10,10,10) !important;border-radius: 10px !important;}&#8221; conditional_render=&#8221;%5B%7B%22value_role%22%3A%22administrator%22%7D%5D&#8221;]<div class=\"porto-u-heading mb-0 fs-md-11  wpb_custom_c55fd01affa3b84cf2fea67da397a45e porto-u-ad87e2eaf3f9c495180fe0156ddf3eb0 \" data-appear-animation=\"fadeInRight\" data-appear-animation-delay=\"200\"><div class=\"porto-u-main-heading\"><h2   style=\"color:#ffffff;\">\u00centreba\u021bi echipa de la Karemfillis Olives:<\/h2><\/div><div class=\"porto-u-sub-heading\" style=\"color: #ffffff;\">Completa\u021bi datele dvs. \u0219i mesajul \u0219i v\u0103 vom contacta \u00een cur\u00e2nd \u00een orice mod dori\u021bi pentru a rezolva orice \u00eentreb\u0103ri.<\/div><style>.porto-u-ad87e2eaf3f9c495180fe0156ddf3eb0.porto-u-heading{text-align:left}<\/style><\/div>[\/vc_column][vc_column animation_delay=&#8221;400&#8243; offset=&#8221;vc_col-lg-4 vc_col-md-6&#8243; animation_type=&#8221;fadeInRight&#8221; el_class=&#8221;custom-form-style-1 custom-form-style-2&#8243;]<div class=\"porto-ultimate-content-box-container \"><div class=\"porto-ultimate-content-box vc_custom_1709429030822 porto_ucb_e35a9346cd70594d63c013acc42ebe9d\" style=\"\"><div class=\"wpb_custom_312990cb8ccec29e37097c34f8ee8784 mx-md-4\" data-appear-animation=\"pulse\">\n<div class=\"wpcf7 no-js\" id=\"wpcf7-f3716-o1\" lang=\"ro-RO\" dir=\"ltr\" data-wpcf7-id=\"3716\">\n<div class=\"screen-reader-response\"><p role=\"status\" aria-live=\"polite\" aria-atomic=\"true\"><\/p> <ul><\/ul><\/div>\n<form action=\"\/ro\/wp-json\/wp\/v2\/pages\/3712#wpcf7-f3716-o1\" method=\"post\" class=\"wpcf7-form init\" aria-label=\"Formular de contact\" novalidate=\"novalidate\" data-status=\"init\">\n<div style=\"display: none;\">\n<input type=\"hidden\" name=\"_wpcf7\" value=\"3716\" \/>\n<input type=\"hidden\" name=\"_wpcf7_version\" value=\"6.0.6\" \/>\n<input type=\"hidden\" name=\"_wpcf7_locale\" value=\"ro_RO\" \/>\n<input type=\"hidden\" name=\"_wpcf7_unit_tag\" value=\"wpcf7-f3716-o1\" \/>\n<input type=\"hidden\" name=\"_wpcf7_container_post\" value=\"0\" \/>\n<input type=\"hidden\" name=\"_wpcf7_posted_data_hash\" value=\"\" \/>\n<\/div>\n<h2 style=\"font-size: 28px; line-height: 42px;\" class=\"text-center font-weight-bold mb-4\">Formular de contact<\/h2>\n<div class=\"form-row\">\n\t<div class=\"form-group col mb-2\">\n\t\t<span class=\"wpcf7-form-control-wrap\" data-name=\"your-name\"><input size=\"40\" maxlength=\"400\" class=\"wpcf7-form-control wpcf7-text wpcf7-validates-as-required form-control font-weight-semibold\" aria-required=\"true\" aria-invalid=\"false\" placeholder=\"Nume*\" value=\"\" type=\"text\" name=\"your-name\" \/><\/span>\n\t<\/div>\n<\/div>\n<div class=\"form-row\">\n\t<div class=\"form-group col mb-2\">\n\t\t<span class=\"wpcf7-form-control-wrap\" data-name=\"your-email\"><input size=\"40\" maxlength=\"400\" class=\"wpcf7-form-control wpcf7-email wpcf7-validates-as-required wpcf7-text wpcf7-validates-as-email form-control font-weight-semibold\" aria-required=\"true\" aria-invalid=\"false\" placeholder=\"Email*\" value=\"\" type=\"email\" name=\"your-email\" \/><\/span>\n\t<\/div>\n<\/div>\n<div class=\"form-row\">\n\t<div class=\"form-group col mb-2\">\n\t\t<span class=\"wpcf7-form-control-wrap\" data-name=\"your-phone\"><input size=\"40\" maxlength=\"400\" class=\"wpcf7-form-control wpcf7-text wpcf7-validates-as-required form-control font-weight-semibold\" aria-required=\"true\" aria-invalid=\"false\" placeholder=\"Telefon*\" value=\"\" type=\"text\" name=\"your-phone\" \/><\/span>\n\t<\/div>\n<\/div>\n<div class=\"form-row\">\n\t<div class=\"form-group col mb-2\">\n\t\t<span class=\"wpcf7-form-control-wrap\" data-name=\"your-message\"><textarea cols=\"40\" rows=\"10\" maxlength=\"2000\" class=\"wpcf7-form-control wpcf7-textarea wpcf7-validates-as-required form-control font-weight-semibold\" aria-required=\"true\" aria-invalid=\"false\" placeholder=\"Mesaj*\" name=\"your-message\"><\/textarea><\/span>\n\t<\/div>\n<\/div>\n<div class=\"form-row\">\n\t<div class=\"form-group col mb-0\">\n\t\t<input class=\"wpcf7-form-control wpcf7-submit has-spinner btn btn-primary btn-borders btn-full-rounded btn-style-1 w-100\" type=\"submit\" value=\"Trimite mesaj\" \/>\n\t<\/div>\n<\/div><p style=\"display: none !important;\" class=\"akismet-fields-container\" data-prefix=\"_wpcf7_ak_\"><label>&#916;<textarea name=\"_wpcf7_ak_hp_textarea\" cols=\"45\" rows=\"8\" maxlength=\"100\"><\/textarea><\/label><input type=\"hidden\" id=\"ak_js_1\" name=\"_wpcf7_ak_js\" value=\"193\"\/><script>document.getElementById( \"ak_js_1\" ).setAttribute( \"value\", ( new Date() ).getTime() );<\/script><\/p><div class=\"wpcf7-response-output\" aria-hidden=\"true\"><\/div>\n<\/form>\n<\/div>\n<\/div><\/div><\/div>[\/vc_column][\/vc_row]<\/p>\n<\/div>","protected":false},"excerpt":{"rendered":"<p>[vc_row wrap_container=&#8221;yes&#8221; content_placement=&#8221;middle&#8221; el_id=&#8221;acas\u0103&#8221; css=&#8221;.vc_custom_1710897744785{padding-top: 95px !important;}&#8221; el_class=&#8221;position-relative overflow-hidden&#8221; conditional_render=&#8221;%5B%7B%22value_role%22%3A%22administrator%22%7D%5D&#8221;][vc_column el_class=&#8221;position-static&#8221;][vc_raw_html css=&#8221;&#8221; el_class=&#8221;mb-0 position-static&#8221;]PHN2ZyBjbGFzcz0iY3VzdG9tLXN2Zy1zdHlsZS0xIiB2aWV3Ym94PSIwIDAgMTgwIDQ3MCIgeD0iMHB4IiB5PSIwcHgiIHdpZHRoPSIxMDAlIiBoZWlnaHQ9IjEwMCUiPgoJPGc+CgkJPHBhdGggaWQ9InNoYXBlX29uZV9zdGFydCIgb3BhY2l0eT0iMC4wOTgiIGZpbGw9IiNhNmFiNGYiIGQ9Ik0gMTIwMCAyMy43OTM5IEMgMTIwMCAyMy43OTM5IDU4MS44MTU0IC0yNDUuMTY3NSAzOTQuMjg0MiAzMy45Mzc1IEMgMzA1LjQwNDMgMTY2LjIxODMgMzQ1LjA1MzcgMzU4LjgxMjUgMjUzLjU2MTUgMzY0LjY2MzEgQyAxNjIuMDY4NCAzNzAuNTE0NiAxMjkuNTMwMyAzNDIuNTQyIDcwLjk4ODMgMzgzLjkwNzIgQyAzLjAyNTQgNDMxLjkyOTcgMTcuODkyNiA0OTkuMjE1OCAxNy44OTI2IDQ5OS4yMTU4IEwgMTIwMCA0OTkuMjE1OCBMIDEyMDAgMjMuNzkzOSBaIi8+CgkJPHBhdGggaWQ9InNoYXBlX29uZV9lbmQiIG9wYWNpdHk9IjAuMDk4IiBmaWxsPSIjMDBhM2Q1IiBkPSJtMTIwMCwyNC43OTM5YzAsMCAtODUuNzU0OSwtMzQ2Ljk2MTQgLTI3My4yODYxLC02Ny44NTY0YzE0OS4xMjAxLDE3Ni4yODA4IDUyLjc2OTUsMzEzLjg3NSAtNDYuNzIyNywzMTIuNzI1NmMtOTkuNDkyMiwtMS4xNDk0IC01OS4wMzEyLDEwNy44Nzg5IC0xMTcuNTczMiwxNDkuMjQ0MWMtNjcuOTYyOSw0OC4wMjI1IC0xODYuMDk1NywxNjcuMzA4NiAtMjA3LjA5NTcsMTY3LjMwODZsNjQ0LjY3NzcsLTg2bDAsLTQ3NS40MjE5eiIgc3R5bGU9InZpc2liaWxpdHk6aGlkZGVuIi8+CgoJCTxwYXRoIGlkPSJzaGFwZV90d29fc3RhcnQiIG9wYWNpdHk9IjAuMTQ5IiBmaWxsPSIjYTZhYjRmIiBkPSJNIDEyMDAgMjM5Ljk3NzEgQyAxMjAwIDIzOS45NzcxIDgwNi44NzMgMTQxLjU5MTMgNzMzLjEzNDggMTY0LjkzNyBDIDYyMi4yNDkgMjAwLjA0NTkgNjQ4LjQxNiAzMTguMDgzIDU2Ni42NDI2IDM0Mi4wNDIgQyA0ODQuODY4MiAzNjUuOTk5IDI0Ny45ODE0IDM0NS4wMjgzIDE2OC42NDA2IDM3MS44MDM3IEMgODkuMzAwOCAzOTguNTc4MSA4NS41NzAzIDEyMDAuMzQwOCA4NS41NzAzIDEyMDAuMzQwOCBMIDg0Ny41NjkzIDEyMDAuMzQwOCBMIDEyMDAgMjM5Ljk3NzEgWiIvPiAKCQk8cGF0aCBpZD0ic2hhcGVfdHdvX2VuZCIgb3BhY2l0eT0iMC4xNDkiIGZpbGw9IiMwMGEzZDUiIGQ9Im05MDcuNTcwMyw4OS45NzcxYzAsMCAyOS4zMDI3LC05LjM4NTggLTk1LjQzNTUsMTEyLjk1OTljLTEyNC43MzgyLDEyMi4zNDU3IC0yNTQuNzE4OCw2NC4xNDYgLTMwMC40OTIyLDE2Ny4xMDVjLTQ1Ljc3MzQsMTAyLjk1OSAtNzkuNjYxMiw2MS45ODYzIC0yMDkuMDAyLDEwNi43NjE3Yy0xMjkuMzQwOCw0NC43NzU0IC0yMTguMDcwMywyMS41MzcxIC0yMTguMDcwMywyMS41MzcxbDc2MS45OTksMGwwLjAwMSwtMjY1LjM2Mzd6IiBzdHlsZT0idmlzaWJpbGl0eTpoaWRkZW4iLz4KCTwvZz4KPC9zdmc+[\/vc_raw_html][\/vc_column][\/vc_row][vc_row wrap_container=&#8221;yes&#8221; content_placement=&#8221;middle&#8221; css=&#8221;.vc_custom_1709388394579{padding-top: 48px !important;padding-bottom: 49px !important;}&#8221; el_id=&#8221;despre&#8221; el_class=&#8221;py-5 my-4&#8243; conditional_render=&#8221;%5B%7B%22value_role%22%3A%22administrator%22%7D%5D&#8221;][vc_column offset=&#8221;vc_col-md-5&#8243; el_class=&#8221;mb-4 mb-md-5 mb-lg-0 porto-vc-frontend-fix&#8221; css=&#8221;.vc_custom_1727013822682{border-radius: 10px !important;}&#8221; conditional_render=&#8221;%5B%7B%22value_role%22%3A%22administrator%22%7D%5D&#8221;][vc_single_image image=&#8221;3818&#8243; img_size=&#8221;large&#8221; alignment=&#8221;center&#8221; style=&#8221;vc_box_rounded&#8221; css=&#8221;.vc_custom_1727455602243{border-radius: 10px !important;}&#8221; animation_type=&#8221;bounceInLeft&#8221;][\/vc_column][vc_column offset=&#8221;vc_col-md-7&#8243; el_class=&#8221;ps-lg-5&#8243;][vc_custom_heading text=&#8221;Karemfillis Olives este o afacere de familie cu r\u0103d\u0103cini ad\u00e2nci \u00een [&hellip;]<\/p>\n","protected":false},"author":1,"featured_media":0,"parent":0,"menu_order":0,"comment_status":"closed","ping_status":"open","template":"","meta":{"footnotes":""},"class_list":["post-3712","page","type-page","status-publish","hentry"],"aioseo_notices":[],"_links":{"self":[{"href":"https:\/\/karemfillisolives.com\/ro\/wp-json\/wp\/v2\/pages\/3712"}],"collection":[{"href":"https:\/\/karemfillisolives.com\/ro\/wp-json\/wp\/v2\/pages"}],"about":[{"href":"https:\/\/karemfillisolives.com\/ro\/wp-json\/wp\/v2\/types\/page"}],"author":[{"embeddable":true,"href":"https:\/\/karemfillisolives.com\/ro\/wp-json\/wp\/v2\/users\/1"}],"replies":[{"embeddable":true,"href":"https:\/\/karemfillisolives.com\/ro\/wp-json\/wp\/v2\/comments?post=3712"}],"version-history":[{"count":14,"href":"https:\/\/karemfillisolives.com\/ro\/wp-json\/wp\/v2\/pages\/3712\/revisions"}],"predecessor-version":[{"id":4008,"href":"https:\/\/karemfillisolives.com\/ro\/wp-json\/wp\/v2\/pages\/3712\/revisions\/4008"}],"wp:attachment":[{"href":"https:\/\/karemfillisolives.com\/ro\/wp-json\/wp\/v2\/media?parent=3712"}],"curies":[{"name":"wp","href":"https:\/\/api.w.org\/{rel}","templated":true}]}}