{"id":3833,"date":"2024-09-10T21:31:36","date_gmt":"2024-09-10T21:31:36","guid":{"rendered":"https:\/\/karemfillisolives.com\/politica-de-confidentialitate\/"},"modified":"2024-09-27T18:13:03","modified_gmt":"2024-09-27T18:13:03","slug":"politica-de-confidentialitate","status":"publish","type":"page","link":"https:\/\/karemfillisolives.com\/ro\/politica-de-confidentialitate\/","title":{"rendered":"Politica de confiden\u021bialitate"},"content":{"rendered":"<div class=\"wpb-content-wrapper\"><p>[vc_row][vc_column text_align=&#8221;center&#8221; conditional_render=&#8221;%5B%7B%22value_role%22%3A%22administrator%22%7D%5D&#8221;][vc_custom_heading text=&#8221;Termeni de utilizare&#8221; font_container=&#8221;tag:h2|text_align:center&#8221;][vc_column_text css=&#8221;&#8221;]<\/p>\n<p>Acest site a fost creat \u00een numele Karemfillis Olives, cu sediul \u00een Nea Simantra,<br \/>Chalkidiki, cod po\u0219tal 63200, cu adresa de e-mail aris.karemf@gmail.com \u0219i telefon:<br \/>+3066973381160 (denumit\u0103 \u00een continuare: Compania), care este \u0219i administratorul<br \/>acestuia.<br \/>Utilizarea site-ului \u2018www.karemfillisolives.com\u2019 este guvernat\u0103 de ace\u0219ti termeni<br \/>generali, pe care vizitatorul\/utilizatorul este invitat s\u0103 \u00eei citeasc\u0103 cu aten\u021bie, deoarece<br \/>utilizarea site-ului implic\u0103 acceptarea necondi\u021bionat\u0103 a acestora. \u00cen cazul \u00een care<br \/>vizitatorul\/utilizatorul nu este de acord cu termenii de utilizare, trebuie s\u0103 nu utilizeze<br \/>serviciile \u0219i con\u021binutul site-ului. <br \/>Termeni de utilizare a site-ului Karemfillis Olives<br \/>Ace\u0219ti termeni de utilizare pot fi revizui\u021bi \u0219i actualiza\u021bi \u00een orice moment, f\u0103r\u0103 notificare<br \/>prealabil\u0103.<br \/>Vizitatorii\/utilizatorii sunt ruga\u021bi s\u0103 verifice periodic termenii de utilizare,<br \/>deoarece utilizarea continu\u0103 a site-ului implic\u0103 acceptarea modific\u0103rilor acestora.<br \/>Drepturi de proprietate intelectual\u0103<br \/>\u00centregul con\u021binut al acestui site, care include, dar nu se limiteaz\u0103 la texte, grafice,<br \/>imagini, fotografii, designuri, videoclipuri, sunete etc. (denumite \u00een continuare<br \/>con\u021binut) este proprietatea intelectual\u0103 a Companiei \u0219i este protejat ca atare de<br \/>legisla\u021bia na\u021bional\u0103, comunitar\u0103 \u0219i interna\u021bional\u0103 \u00een vigoare.<\/p>\n<p>Con\u021binutul site-ului este pus la dispozi\u021bia vizitatorului\/utilizatorului\/clientului pentru uz<br \/>personal \u0219i poate fi modificat f\u0103r\u0103 notificare prealabil\u0103 la discre\u021bia Companiei. Orice<br \/>alt\u0103 utilizare de c\u0103tre un vizitator\/utilizator necesit\u0103 acordul scris prealabil al<br \/>Companiei.<br \/>Este strict interzis oric\u0103rui vizitator\/utilizator\/client al site-ului s\u0103 comercializeze,<br \/>copieze, reproduc\u0103 sau retransmit\u0103 con\u021binutul site-ului \u00een orice mod, cu \u00eenc\u0103lcarea<br \/>acestor termeni.<br \/>Pentru orice \u00eentrebare sau nel\u0103murire cu privire la drepturile de reproducere ale<br \/>oric\u0103rei p\u0103r\u021bi din con\u021binutul acestui site, precum \u0219i pentru cererile de permisiune de<br \/>reproducere a con\u021binutului, vizitatorul\/utilizatorul poate s\u0103 ne contacteze la adresa de<br \/>e-mail aris.karemf@gmail.com.<br \/>Site-ul poate, printre altele, s\u0103 ofere hyperlinkuri (linkuri) c\u0103tre pagini web ale ter\u021bilor,<br \/>care de\u021bin controlul complet asupra con\u021binutului publicat de ace\u0219tia \u0219i, prin urmare,<br \/>poart\u0103 \u00eentreaga responsabilitate pentru securitatea paginilor lor, legalitatea \u0219i<br \/>validitatea con\u021binutului \u0219i serviciilor lor.  <br \/>Produsele, serviciile \u0219i con\u021binutul ter\u021bilor care pot ap\u0103rea pe paginile site-ului<br \/>reprezint\u0103 proprietatea intelectual\u0103 \u0219i industrial\u0103 a acestor ter\u021bi, care sunt<br \/>responsabili pentru solu\u021bionarea oric\u0103ror cereri rezultate din \u00eenc\u0103lcarea drepturilor<br \/>altor persoane, cum ar fi drepturile de proprietate intelectual\u0103 \u0219i industrial\u0103 etc.,<br \/>Compania fiind exonerat\u0103 \u00een mod expres de orice responsabilitate pentru con\u021binutul<br \/>sau securitatea acestor pagini.<br \/>Protec\u021bia datelor personale<br \/>Compania poate colecta \u0219i procesa datele personale ale vizitatorilor\/utilizatorilor site-<br \/>ului \u00een conformitate cu Politica de confiden\u021bialitate \u0219i Protec\u021bia datelor personale.<br \/>Limitarea r\u0103spunderii \u2013 Declara\u021bie de renun\u021bare<br \/>Compania, \u00een orice circumstan\u021be, inclusiv \u00een caz de neglijen\u021b\u0103, nu este responsabil\u0103<br \/>pentru nicio daun\u0103 de orice natur\u0103 suferit\u0103 de vizitator\/utilizatorul paginilor, serviciilor,<br \/>op\u021biunilor \u0219i con\u021binutului site-ului, la care acesta are acces din propria ini\u021biativ\u0103 \u0219i cu<br \/>cunoa\u0219terea acestor termeni.<br \/>De asemenea, Compania nu garanteaz\u0103 c\u0103 paginile, serviciile, op\u021biunile \u0219i con\u021binutul<br \/>vor fi furnizate f\u0103r\u0103 \u00eentrerupere, f\u0103r\u0103 erori, c\u0103 erorile vor fi corectate sau c\u0103 vor fi<br \/>oferite r\u0103spunsuri la toate \u00eentreb\u0103rile adresate.<br \/>\u00cen mod similar, Compania nu garanteaz\u0103 c\u0103 site-ul sau orice alt site conex ori<br \/>serverele prin care con\u021binutul este pus la dispozi\u021bia vizitatorului\/utilizatorului nu con\u021bin<br \/>\u201eviru\u0219i\u201d sau alte componente d\u0103un\u0103toare. Costul eventualelor corec\u021bii sau servicii va<br \/>fi suportat de vizitator\/utilizator \u0219i \u00een niciun caz de Companie.<br \/>Responsabilitatea vizitatorului\/utilizatorului<br \/>Vizitatorul\/utilizatorul site-ului \u00ee\u0219i asum\u0103 responsabilitatea pentru orice daun\u0103 cauzat\u0103<br \/>site-ului din cauza utiliz\u0103rii necorespunz\u0103toare sau ilegale a serviciilor respective.<br \/>Vizitatorul\/utilizatorul este singurul responsabil pentru orice prejudiciu sau daun\u0103<br \/>moral\u0103 cauzat\u0103 prin serviciile noastre, din cauza post\u0103rii, public\u0103rii sau partaj\u0103rii<br \/>oric\u0103rui con\u021binut.  <\/p>\n<p>[\/vc_column_text][\/vc_column][\/vc_row]<\/p>\n<\/div>","protected":false},"excerpt":{"rendered":"<p>[vc_row][vc_column text_align=&#8221;center&#8221; conditional_render=&#8221;%5B%7B%22value_role%22%3A%22administrator%22%7D%5D&#8221;][vc_custom_heading text=&#8221;Termeni de utilizare&#8221; font_container=&#8221;tag:h2|text_align:center&#8221;][vc_column_text css=&#8221;&#8221;] Acest site a fost creat \u00een numele Karemfillis Olives, cu sediul \u00een Nea Simantra,Chalkidiki, cod po\u0219tal 63200, cu adresa de e-mail aris.karemf@gmail.com \u0219i telefon:+3066973381160 (denumit\u0103 \u00een continuare: Compania), care este \u0219i administratorulacestuia.Utilizarea site-ului \u2018www.karemfillisolives.com\u2019 este guvernat\u0103 de ace\u0219ti termenigenerali, pe care vizitatorul\/utilizatorul este invitat s\u0103 \u00eei citeasc\u0103 [&hellip;]<\/p>\n","protected":false},"author":1,"featured_media":0,"parent":0,"menu_order":0,"comment_status":"closed","ping_status":"open","template":"","meta":{"footnotes":""},"class_list":["post-3833","page","type-page","status-publish","hentry"],"aioseo_notices":[],"_links":{"self":[{"href":"https:\/\/karemfillisolives.com\/ro\/wp-json\/wp\/v2\/pages\/3833"}],"collection":[{"href":"https:\/\/karemfillisolives.com\/ro\/wp-json\/wp\/v2\/pages"}],"about":[{"href":"https:\/\/karemfillisolives.com\/ro\/wp-json\/wp\/v2\/types\/page"}],"author":[{"embeddable":true,"href":"https:\/\/karemfillisolives.com\/ro\/wp-json\/wp\/v2\/users\/1"}],"replies":[{"embeddable":true,"href":"https:\/\/karemfillisolives.com\/ro\/wp-json\/wp\/v2\/comments?post=3833"}],"version-history":[{"count":2,"href":"https:\/\/karemfillisolives.com\/ro\/wp-json\/wp\/v2\/pages\/3833\/revisions"}],"predecessor-version":[{"id":3835,"href":"https:\/\/karemfillisolives.com\/ro\/wp-json\/wp\/v2\/pages\/3833\/revisions\/3835"}],"wp:attachment":[{"href":"https:\/\/karemfillisolives.com\/ro\/wp-json\/wp\/v2\/media?parent=3833"}],"curies":[{"name":"wp","href":"https:\/\/api.w.org\/{rel}","templated":true}]}}