{"id":3882,"date":"2024-09-30T12:44:47","date_gmt":"2024-09-30T12:44:47","guid":{"rendered":"https:\/\/karemfillisolives.com\/product\/masline-negre-cu-stafide\/"},"modified":"2024-09-30T12:44:47","modified_gmt":"2024-09-30T12:44:47","slug":"masline-negre-cu-stafide","status":"publish","type":"product","link":"https:\/\/karemfillisolives.com\/ro\/product\/masline-negre-cu-stafide\/","title":{"rendered":"M\u0103sline negre cu stafide"},"content":{"rendered":"","protected":false},"excerpt":{"rendered":"<p>M\u0103sline negre trumpet (uscate) \u00een ulei.<\/p>\n","protected":false},"featured_media":3855,"template":"","meta":[],"product_brand":[],"product_cat":[131],"product_tag":[],"class_list":{"0":"post-3882","1":"product","2":"type-product","3":"status-publish","4":"has-post-thumbnail","6":"product_cat-masline","8":"first","9":"instock","10":"taxable","11":"shipping-taxable","12":"purchasable","13":"product-type-simple"},"aioseo_notices":[],"_links":{"self":[{"href":"https:\/\/karemfillisolives.com\/ro\/wp-json\/wp\/v2\/product\/3882"}],"collection":[{"href":"https:\/\/karemfillisolives.com\/ro\/wp-json\/wp\/v2\/product"}],"about":[{"href":"https:\/\/karemfillisolives.com\/ro\/wp-json\/wp\/v2\/types\/product"}],"wp:featuredmedia":[{"embeddable":true,"href":"https:\/\/karemfillisolives.com\/ro\/wp-json\/wp\/v2\/media\/3855"}],"wp:attachment":[{"href":"https:\/\/karemfillisolives.com\/ro\/wp-json\/wp\/v2\/media?parent=3882"}],"wp:term":[{"taxonomy":"product_brand","embeddable":true,"href":"https:\/\/karemfillisolives.com\/ro\/wp-json\/wp\/v2\/product_brand?post=3882"},{"taxonomy":"product_cat","embeddable":true,"href":"https:\/\/karemfillisolives.com\/ro\/wp-json\/wp\/v2\/product_cat?post=3882"},{"taxonomy":"product_tag","embeddable":true,"href":"https:\/\/karemfillisolives.com\/ro\/wp-json\/wp\/v2\/product_tag?post=3882"}],"curies":[{"name":"wp","href":"https:\/\/api.w.org\/{rel}","templated":true}]}}