{"id":3888,"date":"2024-09-30T12:55:53","date_gmt":"2024-09-30T12:55:53","guid":{"rendered":"https:\/\/karemfillisolives.com\/product\/masline-kalamata\/"},"modified":"2024-09-30T12:55:53","modified_gmt":"2024-09-30T12:55:53","slug":"masline-kalamata","status":"publish","type":"product","link":"https:\/\/karemfillisolives.com\/ro\/product\/masline-kalamata\/","title":{"rendered":"M\u0103sline Kalamata"},"content":{"rendered":"","protected":false},"excerpt":{"rendered":"<p>M\u0103sline Kalamata m\u0103sline o\u021bet.<br \/>\nAcestea nu con\u021bin coloran\u021bi. <\/p>\n","protected":false},"featured_media":3858,"template":"","meta":[],"product_brand":[],"product_cat":[131],"product_tag":[],"class_list":{"0":"post-3888","1":"product","2":"type-product","3":"status-publish","4":"has-post-thumbnail","6":"product_cat-masline","8":"first","9":"instock","10":"taxable","11":"shipping-taxable","12":"purchasable","13":"product-type-simple"},"aioseo_notices":[],"_links":{"self":[{"href":"https:\/\/karemfillisolives.com\/ro\/wp-json\/wp\/v2\/product\/3888"}],"collection":[{"href":"https:\/\/karemfillisolives.com\/ro\/wp-json\/wp\/v2\/product"}],"about":[{"href":"https:\/\/karemfillisolives.com\/ro\/wp-json\/wp\/v2\/types\/product"}],"wp:featuredmedia":[{"embeddable":true,"href":"https:\/\/karemfillisolives.com\/ro\/wp-json\/wp\/v2\/media\/3858"}],"wp:attachment":[{"href":"https:\/\/karemfillisolives.com\/ro\/wp-json\/wp\/v2\/media?parent=3888"}],"wp:term":[{"taxonomy":"product_brand","embeddable":true,"href":"https:\/\/karemfillisolives.com\/ro\/wp-json\/wp\/v2\/product_brand?post=3888"},{"taxonomy":"product_cat","embeddable":true,"href":"https:\/\/karemfillisolives.com\/ro\/wp-json\/wp\/v2\/product_cat?post=3888"},{"taxonomy":"product_tag","embeddable":true,"href":"https:\/\/karemfillisolives.com\/ro\/wp-json\/wp\/v2\/product_tag?post=3888"}],"curies":[{"name":"wp","href":"https:\/\/api.w.org\/{rel}","templated":true}]}}